{"id":85,"date":"2026-03-17T21:36:38","date_gmt":"2026-03-18T00:36:38","guid":{"rendered":"https:\/\/petsaude-univasf.duckdns.org\/?page_id=85"},"modified":"2026-03-17T21:36:38","modified_gmt":"2026-03-18T00:36:38","slug":"teleconsulta","status":"publish","type":"page","link":"https:\/\/petsaude-univasf.duckdns.org\/?page_id=85","title":{"rendered":"Teleconsulta"},"content":{"rendered":"\n<p>A teleconsulta \u00e9 um atendimento em sa\u00fade realizado \u00e0 dist\u00e2ncia, por meio do celular, computador ou tablet. Nela, o paciente pode conversar com o profissional de sa\u00fade, tirar d\u00favidas, receber orienta\u00e7\u00f5es e acompanhar seu tratamento sem precisar ir at\u00e9 a unidade de sa\u00fade. Essa forma de atendimento facilita o acesso aos cuidados, ajuda no acompanhamento de pessoas com hipertens\u00e3o, diabetes e gestantes, al\u00e9m de contribuir para a preven\u00e7\u00e3o de complica\u00e7\u00f5es e para a continuidade do cuidado, de forma segura e pr\u00e1tica.<\/p>\n\n\n\n<p class=\"has-text-align-right\">Fonte dispon\u00edvel em: &lt;https:\/\/www.gov.br\/saude\/pt-br\/composicao\/seidigi\/sus-digital\/telessaude>.<\/p>\n\n\n\n<p><\/p>\n","protected":false},"excerpt":{"rendered":"<p>A teleconsulta \u00e9 um atendimento em sa\u00fade realizado \u00e0 dist\u00e2ncia, por meio do celular, computador ou tablet. Nela, o paciente pode conversar com o profissional de sa\u00fade, tirar d\u00favidas, receber [&hellip;]<\/p>\n","protected":false},"author":1,"featured_media":0,"parent":0,"menu_order":0,"comment_status":"closed","ping_status":"closed","template":"","meta":{"footnotes":""},"class_list":["post-85","page","type-page","status-publish","hentry"],"_links":{"self":[{"href":"https:\/\/petsaude-univasf.duckdns.org\/index.php?rest_route=\/wp\/v2\/pages\/85","targetHints":{"allow":["GET"]}}],"collection":[{"href":"https:\/\/petsaude-univasf.duckdns.org\/index.php?rest_route=\/wp\/v2\/pages"}],"about":[{"href":"https:\/\/petsaude-univasf.duckdns.org\/index.php?rest_route=\/wp\/v2\/types\/page"}],"author":[{"embeddable":true,"href":"https:\/\/petsaude-univasf.duckdns.org\/index.php?rest_route=\/wp\/v2\/users\/1"}],"replies":[{"embeddable":true,"href":"https:\/\/petsaude-univasf.duckdns.org\/index.php?rest_route=%2Fwp%2Fv2%2Fcomments&post=85"}],"version-history":[{"count":1,"href":"https:\/\/petsaude-univasf.duckdns.org\/index.php?rest_route=\/wp\/v2\/pages\/85\/revisions"}],"predecessor-version":[{"id":86,"href":"https:\/\/petsaude-univasf.duckdns.org\/index.php?rest_route=\/wp\/v2\/pages\/85\/revisions\/86"}],"wp:attachment":[{"href":"https:\/\/petsaude-univasf.duckdns.org\/index.php?rest_route=%2Fwp%2Fv2%2Fmedia&parent=85"}],"curies":[{"name":"wp","href":"https:\/\/api.w.org\/{rel}","templated":true}]}}